{"id":770,"date":"2022-05-15T16:28:53","date_gmt":"2022-05-15T21:28:53","guid":{"rendered":"https:\/\/topform.tech\/?p=770"},"modified":"2025-08-06T22:29:39","modified_gmt":"2025-08-07T03:29:39","slug":"indice-di-mparamu-lu-sicilianu-2","status":"publish","type":"page","link":"https:\/\/arbasicula.org\/sc\/indice-di-mparamu-lu-sicilianu-2\/","title":{"rendered":"Mparamu lu sicilianu"},"content":{"rendered":"\n<figure class=\"wp-block-image size-large is-resized\"><img loading=\"lazy\" decoding=\"async\" width=\"1024\" height=\"793\" src=\"https:\/\/arbasicula.org\/wp-content\/uploads\/2025\/04\/learn-sicilian-one_v0-1024x793.jpg\" alt=\"\" class=\"wp-image-1359\" style=\"width:630px;height:auto\" srcset=\"https:\/\/arbasicula.org\/wp-content\/uploads\/2025\/04\/learn-sicilian-one_v0-1024x793.jpg 1024w, https:\/\/arbasicula.org\/wp-content\/uploads\/2025\/04\/learn-sicilian-one_v0-300x232.jpg 300w, https:\/\/arbasicula.org\/wp-content\/uploads\/2025\/04\/learn-sicilian-one_v0-768x595.jpg 768w, https:\/\/arbasicula.org\/wp-content\/uploads\/2025\/04\/learn-sicilian-one_v0.jpg 1270w\" sizes=\"auto, (max-width: 1024px) 100vw, 1024px\" \/><\/figure>\n\n\n\n<p><em>Learn Sicilian \/ Mparamu lu sicilianu<\/em> \u00e8 la prima grammatica interattiva e cumprinsiva d\u00fb sicilianu. \u00c8 distinatu pi l&#8217;usu comu libbra di testu universitariu e puru comu strumentu autudidatticu. Lu volumi \u00e8 splendidamenti lustratu e cunteni litturi informativi e beni scritti supra la cultura siciliana. \u00c8 accumpagnatu d&#8217;un DVD ca cunteni l&#8217;audio pi tutti li litturi, risposti \u00ea esercizii e na guida interattiva \u00e2 pronuncia siciliana. Nt\u00e2 virsioni taliana, li spiegazioni grammaticali e l&#8217;istruzzioni \u00ea studenti sunnu in talianu, mentri li litturi, dialoghi e esercizii restanu in sicilianu. La virsioni taliana fu priparata cu l&#8217;aiutu d\u00fb pruf. Alfonso Campisi d\u00e2 Universit\u00e0 La Manouba di Tunisi.<\/p>\n\n\n\n<div class=\"wp-block-buttons is-content-justification-center is-layout-flex wp-container-core-buttons-is-layout-28206b41 wp-block-buttons-is-layout-flex\">\n<div class=\"wp-block-button\"><a class=\"wp-block-button__link wp-element-button\" href=\"https:\/\/arbasicula.org\/sc\/books\/#!\/26-Learn-Sicilian-Mparamu-lu-sicilianu-by-Gaetano-Cipolla\/p\/82865121\">Accata la virsioni nglisi<\/a><\/div>\n\n\n\n<div class=\"wp-block-button\"><a class=\"wp-block-button__link wp-element-button\" href=\"https:\/\/arbasicula.org\/sc\/books\/#!\/27-Learn-Sicilian-Mparamu-lu-sicilianu-by-Gaetano-Cipolla-This-is-the-DVD-version-of-the-book\/p\/82865122\">Accata la virsioni elettronica<\/a><\/div>\n\n\n\n<div class=\"wp-block-button\"><a class=\"wp-block-button__link wp-element-button\" href=\"https:\/\/arbasicula.org\/sc\/books\/#!\/Mparamu-lu-sicilianu-un-corso-interattivo-per-apprendere-il-siciliano\/p\/772336894\">Accata la virsioni taliana elettronica<\/a><\/div>\n<\/div>\n\n\n\n<p>Pi accattari la virsioni nglisi, <a href=\"https:\/\/arbasicula.org\/sc\/books\/#!\/26-Learn-Sicilian-Mparamu-lu-sicilianu-by-Gaetano-Cipolla\/p\/82865121\">cliccati cc\u00e0<\/a>. Pi accattari la virsioni elettronica, <a href=\"https:\/\/arbasicula.org\/sc\/books\/#!\/27-Learn-Sicilian-Mparamu-lu-sicilianu-by-Gaetano-Cipolla-This-is-the-DVD-version-of-the-book\/p\/82865122\">cliccati cc\u00e0<\/a>. Pi accattari la virsioni taliana elettronica, <a href=\"https:\/\/arbasicula.org\/sc\/books\/#!\/Mparamu-lu-sicilianu-un-corso-interattivo-per-apprendere-il-siciliano\/p\/772336894\">cliccati cc\u00e0<\/a>. O scriviti a <a href=\"mailto:legasbooks2021@outlook.com\">legasbooks2021@outlook.com<\/a>. Si abitati in Italia, pi accattari copii di carta di la virsioni taliana, scriviti a Nuova Ipsa Editore, via Giuseppe Crispi, 50, 90144 Palermo, telefonu 091 681 9025 o scriviti a <a href=\"mailto:info@nuovaipsa.it\">info@nuovaipsa.it<\/a>.<\/p>\n\n\n<a href=\"https:\/\/arbasicula.org\/wp-content\/uploads\/2025\/07\/learn-sicilian-one_about-and-toc.pdf\" class=\"pdfemb-viewer\" style=\"\" data-width=\"max\" data-height=\"max\"  data-toolbar=\"bottom\" data-toolbar-fixed=\"on\">learn-sicilian-one_about-and-toc<br\/><\/a>\n<p class=\"wp-block-pdfemb-pdf-embedder-viewer\"><\/p>\n","protected":false},"excerpt":{"rendered":"<p>Learn Sicilian \/ Mparamu lu sicilianu \u00e8 la prima grammatica interattiva e cumprinsiva d\u00fb sicilianu. \u00c8 distinatu pi l&#8217;usu comu libbra di testu universitariu e<\/p>\n","protected":false},"author":2,"featured_media":0,"parent":0,"menu_order":0,"comment_status":"closed","ping_status":"closed","template":"","meta":{"footnotes":""},"class_list":["post-770","page","type-page","status-publish","hentry"],"translation":{"provider":"WPGlobus","version":"2.10.9","language":"sc","enabled_languages":["en","sc"],"languages":{"en":{"title":true,"content":true,"excerpt":false},"sc":{"title":true,"content":true,"excerpt":false}}},"_links":{"self":[{"href":"https:\/\/arbasicula.org\/sc\/wp-json\/wp\/v2\/pages\/770","targetHints":{"allow":["GET"]}}],"collection":[{"href":"https:\/\/arbasicula.org\/sc\/wp-json\/wp\/v2\/pages"}],"about":[{"href":"https:\/\/arbasicula.org\/sc\/wp-json\/wp\/v2\/types\/page"}],"author":[{"embeddable":true,"href":"https:\/\/arbasicula.org\/sc\/wp-json\/wp\/v2\/users\/2"}],"replies":[{"embeddable":true,"href":"https:\/\/arbasicula.org\/sc\/wp-json\/wp\/v2\/comments?post=770"}],"version-history":[{"count":31,"href":"https:\/\/arbasicula.org\/sc\/wp-json\/wp\/v2\/pages\/770\/revisions"}],"predecessor-version":[{"id":1543,"href":"https:\/\/arbasicula.org\/sc\/wp-json\/wp\/v2\/pages\/770\/revisions\/1543"}],"wp:attachment":[{"href":"https:\/\/arbasicula.org\/sc\/wp-json\/wp\/v2\/media?parent=770"}],"curies":[{"name":"wp","href":"https:\/\/api.w.org\/{rel}","templated":true}]}}