{"id":423,"date":"2022-02-10T05:01:15","date_gmt":"2022-02-10T10:01:15","guid":{"rendered":"https:\/\/topform.tech\/?page_id=423"},"modified":"2025-12-30T09:03:08","modified_gmt":"2025-12-30T14:03:08","slug":"home","status":"publish","type":"page","link":"https:\/\/arbasicula.org\/sc\/","title":{"rendered":""},"content":{"rendered":"\n<p class=\"has-medium-font-size\"><strong>Arba Sicula \u00e8 na suciet\u00e0 internazziunali senza scopu di lucru ca havi comu <a href=\"https:\/\/arbasicula.org\/sc\/dichiarazioni-di-lu-scopu\/\">obbiettivu<\/a> la promozioni d\u00e2 lingua e d\u00e2 cultura siciliana. Fa chissu nt\u00ee modi siguenti:<\/strong><\/p>\n\n\n\n<div class=\"wp-block-media-text alignwide is-stacked-on-mobile\" style=\"grid-template-columns:22% auto\"><figure class=\"wp-block-media-text__media\"><a href=\"https:\/\/arbasicula.org\/sc\/learn-sicilian-ii\/\"><img loading=\"lazy\" decoding=\"async\" width=\"194\" height=\"274\" src=\"https:\/\/arbasicula.org\/wp-content\/uploads\/2022\/02\/learn-sicilian-ii-cover.jpg\" alt=\"\" class=\"wp-image-352 size-full\"\/><\/a><\/figure><div class=\"wp-block-media-text__content\">\n<p id=\"justLeft\"><strong>pubblicannu libbra<\/strong><br>Legas \u00e8 orgugghiusa di annunziari la pubblicazioni di <em>Learn Sicilian II<\/em>, un libbru di testu p&#8217;un corsu universitariu di secunnu annu. Chi\u00f9 d\u00e2 grammatica e d\u00ee esercizi, <em>Learn Sicilian II<\/em> aiuta \u00ea studenti a costruiri lu vocabbulariu spiegannu comu si formanu li palori siciliani, comu usari li prifissi e li suffissi e comu li palori nglisi currispunnunu \u00ea palori siciliani. Scrittu completamenti in sicilianu, lu novu libbru discrivi e spiega ognuna d\u00ee parrati siciliani, li differenzi nt\u00e2 lingua parrata ca si senti mentri si viagga pi l&#8217;isula. Pi illustrari li differenzi, lu libbru cunteni campiuni d\u00ee varii pruvinci. E furnisci na serii di reguli ca nzigna \u00ea studenti comu cumprenniri li differenzi ntr\u00ee parrati e comu ricanusciri ognunu.<\/p>\n\n\n\n<p id=\"justLeft\"><em>Learn Sicilian II<\/em> veni c&#8217;un CD ca cunteni n&#8217;antologia bilingua siciliana, l&#8217;audio p\u00ee selezioni, risposti \u00ea esercizi e li <em>Soni d\u00fb Sicilianu<\/em>. In alternativa c&#8217;\u00e8 puru na virsioni elettronica d\u00fb libbru ca cunteni lu testu cumpletu e lu CD ca accumpagna la virsioni stampata, ncurpurata nt\u00f4 PDF. <\/p>\n\n\n\n<p id=\"justLeft\"><a href=\"https:\/\/arbasicula.org\/sc\/books\/#!\/Learn-Sicilian-II\/p\/425419257\">Cliccati cc\u00e0<\/a> pi accattari na copia d\u00fb libbru stampatu d\u00e2 Libbraria Legas. O <a href=\"https:\/\/arbasicula.org\/sc\/books\/#!\/Learn-Sicilian-II-CD-version\/p\/425428505\">cliccati cc\u00e0<\/a> pi accattari la virsioni elettronica. E putiti <a href=\"https:\/\/arbasicula.org\/sc\/learn-sicilian-ii\/\">cliccari cc\u00e0<\/a> pi na discrizioni chi\u00f9 longa e pi vidiri l&#8217;innici di <em>Learn Sicilian II<\/em>.<\/p>\n<\/div><\/div>\n\n\n\n<hr class=\"wp-block-separator has-text-color has-css-opacity has-background is-style-wide\" style=\"background-color:#ff0000;color:#ff0000\"\/>\n\n\n\n<div class=\"wp-block-media-text is-stacked-on-mobile\" style=\"grid-template-columns:22% auto\"><figure class=\"wp-block-media-text__media\"><a href=\"https:\/\/arbasicula.org\/sc\/indice-di-mparamu-lu-sicilianu-2\/\"><img loading=\"lazy\" decoding=\"async\" width=\"660\" height=\"998\" src=\"https:\/\/arbasicula.org\/wp-content\/uploads\/2025\/04\/learn-sicilian-one_cover-only.jpg\" alt=\"Learn Sicilian \/ Mparamu lu sicilianu\" class=\"wp-image-1358 size-full\" srcset=\"https:\/\/arbasicula.org\/wp-content\/uploads\/2025\/04\/learn-sicilian-one_cover-only.jpg 660w, https:\/\/arbasicula.org\/wp-content\/uploads\/2025\/04\/learn-sicilian-one_cover-only-198x300.jpg 198w\" sizes=\"auto, (max-width: 660px) 100vw, 660px\" \/><\/a><\/figure><div class=\"wp-block-media-text__content\">\n<p><strong>pubblicannu libbra<\/strong><br>Legas \u00e8 orgugghiusa di annunziari la pubblicazioni di na nova edizioni di <em>Learn Sicilian\/Mparamu lu sicilianu<\/em> di Gaetano Cipolla, na grammatica siciliana interattiva. La nova edizioni curata di lu prufissuri Alfonso Campisi di l&#8217;universit\u00e0 La Manouba di Tunisi fu stampata a Palermu. Lu titulu \u00e8 <em>Mparamu lu sicilianu: un corso interattivo per apprendere il siciliano<\/em>. Lu libbru \u00e8 uguali a la virsioni nglisi sulu ca li reguli e li direzzioni pi li studenti sunnu scritti in talianu.<\/p>\n\n\n\n<p>Stu volumi di 326 paggini veni cu un DVD ca cunteni na guida cumpleta di la pronunzia di lu sicilianu, li risposti a li esercizzii chi\u00f9 mpurtanti e l\u2019audiu di tutti li litturi, dialoghi e matiriali culturali di lu libru. Esistunu puru virsioni elettronichi di li du libbra, sia chidda in nglisi ca chidda in talianu. La virsioni elettronica cunteni li testi comu a li libbra di carta ma puru li registrazioni cu li dialoghi e li risposti a li esercizzii, tuttu nta un sulu DVD.<\/p>\n\n\n\n<p>Pi accattari la virsioni nglisi, <a href=\"https:\/\/arbasicula.org\/sc\/books\/#!\/26-Learn-Sicilian-Mparamu-lu-sicilianu-by-Gaetano-Cipolla\/p\/82865121\">cliccati cc\u00e0<\/a>. Pi accattari la virsioni elettronica, <a href=\"https:\/\/arbasicula.org\/sc\/books\/#!\/27-Learn-Sicilian-Mparamu-lu-sicilianu-by-Gaetano-Cipolla-This-is-the-DVD-version-of-the-book\/p\/82865122\">cliccati cc\u00e0<\/a> o scriviti a <a href=\"mailto:legasbooks2021@outlook.com\">legasbooks2021@outlook.com<\/a>. Si abitati in Italia, pi accattari copii di carta di la virsioni taliana, scriviti a Nuova Ipsa Editore, via Giuseppe Crispi, 50, 90144 Palermo, telefonu 091 681 9025 o scriviti a <a href=\"mailto:info@nuovaipsa.it\">info@nuovaipsa.it<\/a>. E putiti leggiri l&#8217;innici di <em>Mparamu lu sicilianu<\/em> <a href=\"https:\/\/arbasicula.org\/sc\/indice-di-mparamu-lu-sicilianu-2\/\">cliccannu cc\u00e0<\/a>.<\/p>\n<\/div><\/div>\n\n\n\n<hr class=\"wp-block-separator has-text-color has-css-opacity has-background is-style-wide\" style=\"background-color:#ff0000;color:#ff0000\"\/>\n\n\n\n<div class=\"wp-block-media-text is-stacked-on-mobile\" style=\"grid-template-columns:22% auto\"><figure class=\"wp-block-media-text__media\"><a href=\"https:\/\/arbasicula.org\/sc\/contact\/\"><img loading=\"lazy\" decoding=\"async\" width=\"1000\" height=\"1000\" src=\"https:\/\/arbasicula.org\/wp-content\/uploads\/2025\/05\/arba-sicula-logo_back-transparent.png\" alt=\"\" class=\"wp-image-1470 size-full\" srcset=\"https:\/\/arbasicula.org\/wp-content\/uploads\/2025\/05\/arba-sicula-logo_back-transparent.png 1000w, https:\/\/arbasicula.org\/wp-content\/uploads\/2025\/05\/arba-sicula-logo_back-transparent-300x300.png 300w, https:\/\/arbasicula.org\/wp-content\/uploads\/2025\/05\/arba-sicula-logo_back-transparent-150x150.png 150w, https:\/\/arbasicula.org\/wp-content\/uploads\/2025\/05\/arba-sicula-logo_back-transparent-768x768.png 768w, https:\/\/arbasicula.org\/wp-content\/uploads\/2025\/05\/arba-sicula-logo_back-transparent-800x800.png 800w\" sizes=\"auto, (max-width: 1000px) 100vw, 1000px\" \/><\/a><\/figure><div class=\"wp-block-media-text__content\">\n<p>Cu l&#8217;abbunamentu annuali li soci di Arba Sicula ricevunu un nummiru doppiu di <em><a href=\"https:\/\/arbasicula.org\/sc\/arba-sicula\/\">Arba Sicula<\/a><\/em>, dui di <em><a href=\"https:\/\/arbasicula.org\/sc\/sicilia-parra\/\">Sicilia Parra<\/a><\/em> e li eventuali supplimenti pubblicati duranti lu periodu di l&#8217;abbunamentu.<\/p>\n\n\n\n<p>abbunamentu annuali di <strong>ARBA SICULA<\/strong>:<\/p>\n\n\n\n<ul class=\"wp-block-list\">\n<li>anziani (62 anni) e studenti &#8212; $30<\/li>\n\n\n\n<li>abbunamentu regolari &#8212; $35<\/li>\n\n\n\n<li>abbunamenti fora d\u00ee Stati Uniti &#8212; $40<\/li>\n<\/ul>\n\n\n\n<p><br>Pi divintari sociu, pi rinnuvari l&#8217;abbunamentu o pi accattari un abbunamentu p\u2019un amicu o p\u2019un membru d\u00e2 famigghia, ntesta un assegnu a &#8220;Arba Sicula&#8221; e spidiscilu a:<\/p>\n\n\n\n<p><strong>Arba Sicula<\/strong><br>c\/o Gaetano Cipolla<br>PO Box 149<br>Mineola, NY 11501<\/p>\n\n\n\n<p>Si p\u00f2 pagari puru usannu Paypal e mannannu lu pagamentu a <a href=\"mailto:legasbooks2021@outlook.com\">legasbooks2021@outlook.com<\/a>. Discrivi puru lu motivu pi lu pagamentu dicennu &#8220;abbunamentu&#8221;.<\/p>\n<\/div><\/div>\n\n\n\n<hr class=\"wp-block-separator has-text-color has-css-opacity has-background is-style-wide\" style=\"background-color:#ff0000;color:#ff0000\"\/>\n\n\n\n<div class=\"wp-block-media-text is-stacked-on-mobile\" style=\"grid-template-columns:22% auto\"><figure class=\"wp-block-media-text__media\"><a href=\"https:\/\/arbasicula.org\/sc\/recitals\/\"><img loading=\"lazy\" decoding=\"async\" width=\"1000\" height=\"1000\" src=\"https:\/\/arbasicula.org\/wp-content\/uploads\/2025\/08\/gold-harp_white-back.jpg\" alt=\"lyre harp\" class=\"wp-image-1544 size-full\" srcset=\"https:\/\/arbasicula.org\/wp-content\/uploads\/2025\/08\/gold-harp_white-back.jpg 1000w, https:\/\/arbasicula.org\/wp-content\/uploads\/2025\/08\/gold-harp_white-back-300x300.jpg 300w, https:\/\/arbasicula.org\/wp-content\/uploads\/2025\/08\/gold-harp_white-back-150x150.jpg 150w, https:\/\/arbasicula.org\/wp-content\/uploads\/2025\/08\/gold-harp_white-back-768x768.jpg 768w, https:\/\/arbasicula.org\/wp-content\/uploads\/2025\/08\/gold-harp_white-back-800x800.jpg 800w\" sizes=\"auto, (max-width: 1000px) 100vw, 1000px\" \/><\/a><\/figure><div class=\"wp-block-media-text__content\">\n<p><strong>organizzannu cunfirenzi e reciti di puisia siciliana<\/strong><br>Arba Sicula organizza cunfirenzi, reciti e spittaculi tiatrali a l&#8217; <a href=\"https:\/\/www.stjohns.edu\/offices-departments\/languages-and-literatures\">Universit\u00e0 St. John&#8217;s<\/a>, a l&#8217; <a href=\"https:\/\/italiancharities.org\/\">Italian Charities of America<\/a> e ad \u00e0utri posti. Di sutta ci sunnu lijami a video cu puis\u00eci recitati e traduzioni di Gaetano Cipolla:<\/p>\n\n\n\n<ul class=\"wp-block-list\">\n<li><a href=\"https:\/\/arbasicula.org\/sc\/recitals\/\" data-type=\"page\" data-id=\"621\">Na sira di puis\u00eca siciliana<\/a><\/li>\n\n\n\n<li><a href=\"https:\/\/arbasicula.org\/sc\/giovanni-meli\/\" data-type=\"link\" data-id=\"https:\/\/arbasicula.org\/sc\/giovanni-meli\/\">Giovanni Meli<\/a><\/li>\n\n\n\n<li><a href=\"https:\/\/arbasicula.org\/sc\/ignazio-buttitta\/\" data-type=\"page\" data-id=\"1169\">Ignazio Buttitta<\/a><\/li>\n\n\n\n<li><a href=\"https:\/\/arbasicula.org\/sc\/nino-martoglio\/\" data-type=\"page\" data-id=\"1181\">Nino Martoglio<\/a><\/li>\n\n\n\n<li><a href=\"https:\/\/arbasicula.org\/sc\/nino-provenzano\/\" data-type=\"page\" data-id=\"1136\">Nino Provenzano<\/a><\/li>\n\n\n\n<li><a href=\"https:\/\/arbasicula.org\/sc\/vincenzo-ancona\/\" data-type=\"page\" data-id=\"1139\">Vincenzo Ancona<\/a><\/li>\n<\/ul>\n\n\n\n<p><br>Pi riciviri inviti pi sti eventi, mannati lu vostru indirizzu elettronicu \u00f4 prufissuri Cipolla scrivennu a: <a href=\"mailto:legasbooks2021@outlook.com\">legasbooks2021@outlook.com<\/a>.<\/p>\n<\/div><\/div>\n\n\n\n<hr class=\"wp-block-separator has-text-color has-css-opacity has-background is-style-wide\" style=\"background-color:#ff0000;color:#ff0000\"\/>\n\n\n\n<div class=\"wp-block-media-text alignwide is-stacked-on-mobile\" style=\"grid-template-columns:22% auto\"><figure class=\"wp-block-media-text__media\"><a href=\"https:\/\/arbasicula.org\/sc\/arba-sicula\/\"><img loading=\"lazy\" decoding=\"async\" width=\"237\" height=\"345\" src=\"https:\/\/arbasicula.org\/wp-content\/uploads\/2022\/02\/ArbaSiculaCover-sicilianu.jpg\" alt=\"\" class=\"wp-image-344 size-full\" srcset=\"https:\/\/arbasicula.org\/wp-content\/uploads\/2022\/02\/ArbaSiculaCover-sicilianu.jpg 237w, https:\/\/arbasicula.org\/wp-content\/uploads\/2022\/02\/ArbaSiculaCover-sicilianu-206x300.jpg 206w\" sizes=\"auto, (max-width: 237px) 100vw, 237px\" \/><\/a><\/figure><div class=\"wp-block-media-text__content\">\n<p><strong>pubblicannu <a href=\"https:\/\/arbasicula.org\/sc\/arba-sicula\/\">Arba Sicula<\/a><\/strong><br>Na rivista bilingui sicilianu\/nglisi ca illustra a littiratura, l&#8217;arti, a storia, a cucina e u folklori d\u00e2 Sicilia. Chist\u2019annu celebramu u quarantesimu annivirsariu d\u00e2 funnazioni di Arba Sicula (1979-2019). A rivista nesci na vota l&#8217;annu e pubblicamu un numiru doppiu. Cliccati supra a rivista pi vidiri l&#8217;indici e pi leggiri tutti li articuli di stu numiru. Normalmenti mintemu cc\u00e0 un numiru passatu. Pi riciviri lu numiru currenti, abbunativi a Arba Sicula. Nt\u00f4 2019 criammu un CD ca cunteni tutti li 42 numira di Arba Sicula. Lu CD havi un indici generali organizzatu pir rubrichi (puisia, narrativa, tradizioni, a nostra lingua, ecc.) e si po&#8217; navigari cliccannu cu lu surici supra li tituli. Lu CD costa $30.00 e si p\u00f2 accattari mannannu un assegnu a Arba Sicula pir $34.00: PO Box 149, Mineola, NY 11501.<\/p>\n<\/div><\/div>\n\n\n\n<hr class=\"wp-block-separator has-text-color has-css-opacity has-background is-style-wide\" style=\"background-color:#ff0000;color:#ff0000\"\/>\n\n\n\n<div class=\"wp-block-media-text alignwide is-stacked-on-mobile\" style=\"grid-template-columns:22% auto\"><figure class=\"wp-block-media-text__media\"><a href=\"https:\/\/arbasicula.org\/sc\/sicilia-parra\/\"><img loading=\"lazy\" decoding=\"async\" width=\"620\" height=\"820\" src=\"https:\/\/arbasicula.org\/wp-content\/uploads\/2025\/04\/cover_sp36-2_small.jpg\" alt=\"\" class=\"wp-image-1442 size-full\" srcset=\"https:\/\/arbasicula.org\/wp-content\/uploads\/2025\/04\/cover_sp36-2_small.jpg 620w, https:\/\/arbasicula.org\/wp-content\/uploads\/2025\/04\/cover_sp36-2_small-227x300.jpg 227w\" sizes=\"auto, (max-width: 620px) 100vw, 620px\" \/><\/a><\/figure><div class=\"wp-block-media-text__content\">\n<p id=\"justLeft\"><strong>pubblicannu <a href=\"https:\/\/arbasicula.org\/sc\/sicilia-parra\/\">Sicilia Parra<\/a><\/strong><br>Na rivista semiannuali di vinti paggini ca illustra li attivit\u00e0 d\u00e2 nostra suciet\u00e0. \u00c8 scritta principalmenti in nglisi cu una o du paggini didicati \u00f4 sicilianu. Pi vidiri l&#8217;indici d\u00fb numiru passatu e pi putiri visiunari tutti li articuli, cliccati supra la rivista. Nt\u00f4 2019 criammu un DVD ca cunteni tutti i 62 numira pubblicati d\u00fb 1989 finu \u00f4 2019. Lu DVD si p\u00f2 acquistari pir $30.00 l\u2019unu, ma si v\u2019accattati lu CD di Arba Sicula e lu DVD di Sicilia Parra nzemmula pir $64.00 vi mannamu gratis lu distintivu pir li 40 anni di Arba Sicula ca normalmenti costa $10..<\/p>\n<\/div><\/div>\n\n\n\n<hr class=\"wp-block-separator has-text-color has-css-opacity has-background is-style-wide\" style=\"background-color:#ff0000;color:#ff0000\"\/>\n\n\n\n<div class=\"wp-block-media-text alignwide is-stacked-on-mobile\" style=\"grid-template-columns:22% auto\"><figure class=\"wp-block-media-text__media\"><a href=\"https:\/\/arbasicula.org\/wp-content\/uploads\/2025\/12\/Legas-Brochure-2025-12-30.pdf\"><img loading=\"lazy\" decoding=\"async\" width=\"620\" height=\"820\" src=\"https:\/\/arbasicula.org\/wp-content\/uploads\/2025\/04\/cover_legas-2025_small.jpg\" alt=\"\" class=\"wp-image-1441 size-full\" srcset=\"https:\/\/arbasicula.org\/wp-content\/uploads\/2025\/04\/cover_legas-2025_small.jpg 620w, https:\/\/arbasicula.org\/wp-content\/uploads\/2025\/04\/cover_legas-2025_small-227x300.jpg 227w\" sizes=\"auto, (max-width: 620px) 100vw, 620px\" \/><\/a><\/figure><div class=\"wp-block-media-text__content\">\n<p id=\"justLeft\"><strong><a href=\"https:\/\/arbasicula.org\/sc\/books\/\">pubblicannu libbra<\/a> supra a Sicilia e i Siciliani<\/strong><br>I libbra sunnu a megghiu arma c&#8217;avemu pi contrabbattiri ddi stupidi stiriotipi d\u00e2 genti siciliana promossi d\u00e0 mass media. E\u2019 nicissariu fari canusciri a tutti la vera natura d\u00fb populu sicilianu e d\u00ee so granni contribbuti a civilt\u00e0 occidintali. Chiossai sapemu d\u00e2 nostra storia, megghiu putemu cummattiri l&#8217;ignoranza ca fa nasciri ddi stiriotipi.<\/p>\n\n\n\n<p id=\"justLeft\"><a href=\"https:\/\/arbasicula.org\/wp-content\/uploads\/2025\/12\/Legas-Brochure-2025-12-30.pdf\">Stu catalogu PDF<\/a> cunteni na lista d\u00ee libbra ca uffremu. Ci sunnu assai nuvit\u00e0, comu lu novu testu avanzatu <em>Learn Sicilian II<\/em>. Putiti accattari li libbra direttamenti d\u00e2 nostra <a href=\"https:\/\/arbasicula.org\/sc\/books\/\" data-type=\"page\">libbraria online<\/a>. A la cascia, putiti pagari cu na carta di creditu o debitu, pagari cu PayPal o effettuari un ordini telefonicu. E vi spidemu li libbra pi menzu di la posta (USPS).<\/p>\n\n\n\n<p>Putiti puru accattari libbra e pagari l&#8217;abbunamentu annuali a PayPal. Avennu trasutu, cliccati su &#8220;send money&#8221; e mannati a <a href=\"mailto:legasbooks2021@outlook.com\">legasbooks2021@outlook.com<\/a>. Pi favuri, lassati na discrizioni d\u00fb vostru ordini nt\u00f4 modulu.<\/p>\n<\/div><\/div>\n\n\n\n<hr class=\"wp-block-separator has-text-color has-css-opacity has-background is-style-wide\" style=\"background-color:#ff0000;color:#ff0000\"\/>\n\n\n\n<div class=\"wp-block-media-text is-stacked-on-mobile\" style=\"grid-template-columns:22% auto\"><figure class=\"wp-block-media-text__media\"><a href=\"https:\/\/arbasicula.org\/sc\/itinerary\/\"><img decoding=\"async\" src=\"https:\/\/arbasicula.org\/wp-content\/uploads\/2025\/08\/tour-of-sicily-1024x1024.jpg\" alt=\"tour of Sicily\" class=\"wp-image-1545 size-full\"\/><\/a><\/figure><div class=\"wp-block-media-text__content\">\n<p><strong>organizzannu giti d\u00e2 Sicilia p\u00ee nostri soci<\/strong><br>Li giti di Arba Sicula nun sunnu comu chiddi organizzati di enti cummirciali. Li nostri sunnu disignati pi genti ca havi un granni nteressu e sintimenti speciali p\u00e2 Sicilia. Li nostri visiti sunnu esperienzi speciali, viaggi di scuperta. Pi vidiri l&#8217;itinerariu d\u00fb prossimu viaggiu, la nostra 31esima gita consecutiva, <a href=\"https:\/\/arbasicula.org\/sc\/itinerary\/\">cliccati cc\u00e0<\/a>.<\/p>\n<\/div><\/div>\n","protected":false},"excerpt":{"rendered":"<p>Arba Sicula \u00e8 na suciet\u00e0 internazziunali senza scopu di lucru ca havi comu obbiettivu la promozioni d\u00e2 lingua e d\u00e2 cultura siciliana. Fa chissu nt\u00ee<\/p>\n","protected":false},"author":1,"featured_media":0,"parent":0,"menu_order":0,"comment_status":"closed","ping_status":"closed","template":"","meta":{"footnotes":""},"class_list":["post-423","page","type-page","status-publish","hentry"],"translation":{"provider":"WPGlobus","version":"2.10.9","language":"sc","enabled_languages":["en","sc"],"languages":{"en":{"title":false,"content":true,"excerpt":false},"sc":{"title":false,"content":true,"excerpt":false}}},"_links":{"self":[{"href":"https:\/\/arbasicula.org\/sc\/wp-json\/wp\/v2\/pages\/423","targetHints":{"allow":["GET"]}}],"collection":[{"href":"https:\/\/arbasicula.org\/sc\/wp-json\/wp\/v2\/pages"}],"about":[{"href":"https:\/\/arbasicula.org\/sc\/wp-json\/wp\/v2\/types\/page"}],"author":[{"embeddable":true,"href":"https:\/\/arbasicula.org\/sc\/wp-json\/wp\/v2\/users\/1"}],"replies":[{"embeddable":true,"href":"https:\/\/arbasicula.org\/sc\/wp-json\/wp\/v2\/comments?post=423"}],"version-history":[{"count":109,"href":"https:\/\/arbasicula.org\/sc\/wp-json\/wp\/v2\/pages\/423\/revisions"}],"predecessor-version":[{"id":1670,"href":"https:\/\/arbasicula.org\/sc\/wp-json\/wp\/v2\/pages\/423\/revisions\/1670"}],"wp:attachment":[{"href":"https:\/\/arbasicula.org\/sc\/wp-json\/wp\/v2\/media?parent=423"}],"curies":[{"name":"wp","href":"https:\/\/api.w.org\/{rel}","templated":true}]}}