{"id":373,"date":"2022-02-09T09:54:36","date_gmt":"2022-02-09T14:54:36","guid":{"rendered":"https:\/\/topform.tech\/?page_id=373"},"modified":"2025-04-14T09:52:56","modified_gmt":"2025-04-14T14:52:56","slug":"lessons","status":"publish","type":"page","link":"https:\/\/arbasicula.org\/sc\/lessons\/","title":{"rendered":"Lezzioni"},"content":{"rendered":"\n<ul class=\"wp-block-list\">\n<li><a href=\"https:\/\/arbasicula.org\/sc\/learn-sicilian-lesson-1\/\">Learn Sicilian \u2013 Lezzioni 1<\/a><\/li>\n\n\n\n<li><a href=\"https:\/\/arbasicula.org\/sc\/learn-sicilian-lesson-2\/\">Learn Sicilian \u2013 Lezzioni 2<\/a><\/li>\n\n\n\n<li><a href=\"https:\/\/arbasicula.org\/sc\/learn-sicilian-lesson-3\/\">Learn Sicilian \u2013 Lezzioni 3<\/a><\/li>\n<\/ul>\n\n\n\n<p><\/p>\n\n\n\n<h4 class=\"wp-block-heading\"><strong>Quantu beni canusci lu sicilianu?<\/strong><\/h4>\n\n\n\n<p>Avemu junciutu nautra prova d\u00e2 vostra sicilitutini d\u00fb novu libbru di testu <em><a href=\"https:\/\/arbasicula.org\/sc\/learn-sicilian-ii\/\">Learn Sicilian II<\/a><\/em>. Tutti sapiti ca li siciliani spissu usanu pruverbi pi esprimerisi. Canusciri li pruverbi \u00e8 infatti na parti mpurtanti di mparari na lingua pirch\u00ec cuntenunu la saggizza d\u00fb populu. Nta stu libbru l&#8217;ultima pagina \u00e8 didicata a na prova d\u00e2 sicilitutini d\u00ee studenti. Dimustra quantu beni hannu assurbitu la cultura di l&#8217;isula. Cunsisti in trenta pruverbi di li quali haiu omissu una o dui palori. Nudda pirsuna di mezza et\u00e0 nata sicilianu fallissi sta prova.<\/p>\n\n\n\n<ol class=\"wp-block-list\">\n<li>Essiri nuddu mmiscatu cu _________<\/li>\n\n\n\n<li>Unni mancianu dui, mancianu __________<\/li>\n\n\n\n<li>Cu mancia fa _________<\/li>\n\n\n\n<li>Cu si sus\u00ecu, locu pird\u00ecu, cu s\u2019assittau, locu _________<\/li>\n\n\n\n<li>Cu pati d\u2019amuri, non senti __________<\/li>\n\n\n\n<li>Cu lassa la vecchia pi la nova, sapi chi lassa, ma non sapi chi __________<\/li>\n\n\n\n<li>Lu spertu unni va e lu fissa \u00f4 so __________<\/li>\n\n\n\n<li>Jetta la petra e ammuccia __________<\/li>\n\n\n\n<li>Fatti fama e __________<\/li>\n\n\n\n<li>La pignata in cumuni non _________<\/li>\n\n\n\n<li>Cui pecura si fa, lu lupu _________<\/li>\n\n\n\n<li>Ci dissi lu surci a la nuci, dammi tempu ca __________<\/li>\n\n\n\n<li>Essiri spassu d\u00ee vicini e trivulu ___________<\/li>\n\n\n\n<li>Cu nasci tunnu, non p\u00f2 moriri ___________<\/li>\n\n\n\n<li>Cani c\u2019abbaia assai, ___________<\/li>\n\n\n\n<li>A furca \u00e8 fatta pi cui si voli ____________<\/li>\n\n\n\n<li>Figghia di jatta, si nun muzzica, __________<\/li>\n\n\n\n<li>Donna senza amuri \u00e8 comu rosa senza ___________<\/li>\n\n\n\n<li>La casa capi quantu voli __________<\/li>\n\n\n\n<li>Vuliri la vutti china e la mugghieri ___________<\/li>\n\n\n\n<li>La lingua non avi ossa ma rumpi ___________<\/li>\n\n\n\n<li>Lu pisci feti di _________<\/li>\n\n\n\n<li>Testa ca non parra, si chiama __________<\/li>\n\n\n\n<li>Quannu la jatta non c\u2019\u00e8, __________<\/li>\n\n\n\n<li>La petra ca non fa lippu, lu \u00e7iumi si ___________<\/li>\n\n\n\n<li>Omu di vinu non vali un __________<\/li>\n\n\n\n<li>A la casa di lu mpisu, non parrari di __________<\/li>\n\n\n\n<li>La megghiu palora \u00e8 chidda ca non si __________<\/li>\n\n\n\n<li>Di lu patrozzu si nni pigghia un __________<\/li>\n\n\n\n<li>Ogni lassata \u00e8 __________<\/li>\n<\/ol>\n\n\n\n<p>Staiu dannu li risposti ma nun nta l&#8217;ordini giustu. Cerca di capiri quali palori cumplitanu li pruverbi:<\/p>\n\n\n\n<div class=\"wp-block-columns is-layout-flex wp-container-core-columns-is-layout-9d6595d7 wp-block-columns-is-layout-flex\">\n<div class=\"wp-block-column is-layout-flow wp-block-column-is-layout-flow\">\n<p>tri;<br>truvau;<br>di casa;<br>oduri;<br>cucuzza;<br>furca;<br>muddichi;<br>la manu;<br>bugghi mai;<br>mpenniri;<\/p>\n<\/div>\n\n\n\n<div class=\"wp-block-column is-layout-flow wp-block-column-is-layout-flow\">\n<p>i surici ballanu;<br>dici;<br>duluri;<br>curcati;<br>quatratu;<br>lu patruni;<br>la porta;<br>la porta;<br>nenti;<br>si lu mancia;<\/p>\n<\/div>\n\n\n\n<div class=\"wp-block-column is-layout-flow wp-block-column-is-layout-flow\">\n<p>non muzzica;<br>mbriaca o vacanti;<br>un carlinu;<br>persa;<br>trova;<br>ti perciu<br>ratta;<br>l\u2019ossa<br>la testa;<br>un caddozzu;<\/p>\n<\/div>\n<\/div>\n","protected":false},"excerpt":{"rendered":"<p>Quantu beni canusci lu sicilianu? Avemu junciutu nautra prova d\u00e2 vostra sicilitutini d\u00fb novu libbru di testu Learn Sicilian II. Tutti sapiti ca li siciliani<\/p>\n","protected":false},"author":1,"featured_media":0,"parent":0,"menu_order":3,"comment_status":"closed","ping_status":"closed","template":"","meta":{"footnotes":""},"class_list":["post-373","page","type-page","status-publish","hentry"],"translation":{"provider":"WPGlobus","version":"2.10.9","language":"sc","enabled_languages":["en","sc"],"languages":{"en":{"title":true,"content":true,"excerpt":false},"sc":{"title":true,"content":true,"excerpt":false}}},"_links":{"self":[{"href":"https:\/\/arbasicula.org\/sc\/wp-json\/wp\/v2\/pages\/373","targetHints":{"allow":["GET"]}}],"collection":[{"href":"https:\/\/arbasicula.org\/sc\/wp-json\/wp\/v2\/pages"}],"about":[{"href":"https:\/\/arbasicula.org\/sc\/wp-json\/wp\/v2\/types\/page"}],"author":[{"embeddable":true,"href":"https:\/\/arbasicula.org\/sc\/wp-json\/wp\/v2\/users\/1"}],"replies":[{"embeddable":true,"href":"https:\/\/arbasicula.org\/sc\/wp-json\/wp\/v2\/comments?post=373"}],"version-history":[{"count":28,"href":"https:\/\/arbasicula.org\/sc\/wp-json\/wp\/v2\/pages\/373\/revisions"}],"predecessor-version":[{"id":1349,"href":"https:\/\/arbasicula.org\/sc\/wp-json\/wp\/v2\/pages\/373\/revisions\/1349"}],"wp:attachment":[{"href":"https:\/\/arbasicula.org\/sc\/wp-json\/wp\/v2\/media?parent=373"}],"curies":[{"name":"wp","href":"https:\/\/api.w.org\/{rel}","templated":true}]}}