{"id":1181,"date":"2025-03-31T10:25:13","date_gmt":"2025-03-31T15:25:13","guid":{"rendered":"https:\/\/arbasicula.org\/?page_id=1181"},"modified":"2025-04-14T09:32:21","modified_gmt":"2025-04-14T14:32:21","slug":"nino-martoglio","status":"publish","type":"page","link":"https:\/\/arbasicula.org\/sc\/nino-martoglio\/","title":{"rendered":"Nino Martoglio"},"content":{"rendered":"\n<p>Un catanisi scritturi, edituri e produtturi tiatrali, Nino Martoglio pubblicau <em>D&#8217;Artagnan<\/em>, na rivista littiraria simanali di lingua siciliana, d\u00fb 1889 \u00f4 1904. Chi\u00f9 tardu, funnau na cumpagnia di tiatru cullabburannu cu Luigi Pirandellu. E dirig\u00ecu na para di film. Si p\u00f2 leggiri la s\u00f2 puisia in <em><a href=\"https:\/\/arbasicula.org\/sc\/books\/#!\/12-The-Poetry-of-Nino-Martoglio-Edited-Introduced-and-Translated-by-Gaetano-Cipolla\/p\/82865002\">The Poetry of Nino Martoglio<\/a><\/em> (1993) cu traduzzioni di G. Cipolla.<\/p>\n\n\n\n<figure class=\"wp-block-embed is-type-video is-provider-youtube wp-block-embed-youtube wp-embed-aspect-16-9 wp-has-aspect-ratio\"><div class=\"wp-block-embed__wrapper\">\n<iframe loading=\"lazy\" title=\"&quot;Nica, VII&quot; by Nino Martoglio, translated and recited by Gaetano Cipolla\" width=\"640\" height=\"360\" src=\"https:\/\/www.youtube.com\/embed\/N8859Duc2tE?feature=oembed\" frameborder=\"0\" allow=\"accelerometer; autoplay; clipboard-write; encrypted-media; gyroscope; picture-in-picture; web-share\" referrerpolicy=\"strict-origin-when-cross-origin\" allowfullscreen><\/iframe>\n<\/div><\/figure>\n","protected":false},"excerpt":{"rendered":"<p>Un catanisi scritturi, edituri e produtturi tiatrali, Nino Martoglio pubblicau D&#8217;Artagnan, na rivista littiraria simanali di lingua siciliana, d\u00fb 1889 \u00f4 1904. Chi\u00f9 tardu, funnau<\/p>\n","protected":false},"author":2,"featured_media":0,"parent":0,"menu_order":0,"comment_status":"closed","ping_status":"closed","template":"","meta":{"footnotes":""},"class_list":["post-1181","page","type-page","status-publish","hentry"],"translation":{"provider":"WPGlobus","version":"2.10.9","language":"sc","enabled_languages":["en","sc"],"languages":{"en":{"title":true,"content":true,"excerpt":false},"sc":{"title":true,"content":true,"excerpt":false}}},"_links":{"self":[{"href":"https:\/\/arbasicula.org\/sc\/wp-json\/wp\/v2\/pages\/1181","targetHints":{"allow":["GET"]}}],"collection":[{"href":"https:\/\/arbasicula.org\/sc\/wp-json\/wp\/v2\/pages"}],"about":[{"href":"https:\/\/arbasicula.org\/sc\/wp-json\/wp\/v2\/types\/page"}],"author":[{"embeddable":true,"href":"https:\/\/arbasicula.org\/sc\/wp-json\/wp\/v2\/users\/2"}],"replies":[{"embeddable":true,"href":"https:\/\/arbasicula.org\/sc\/wp-json\/wp\/v2\/comments?post=1181"}],"version-history":[{"count":5,"href":"https:\/\/arbasicula.org\/sc\/wp-json\/wp\/v2\/pages\/1181\/revisions"}],"predecessor-version":[{"id":1336,"href":"https:\/\/arbasicula.org\/sc\/wp-json\/wp\/v2\/pages\/1181\/revisions\/1336"}],"wp:attachment":[{"href":"https:\/\/arbasicula.org\/sc\/wp-json\/wp\/v2\/media?parent=1181"}],"curies":[{"name":"wp","href":"https:\/\/api.w.org\/{rel}","templated":true}]}}