{"id":1169,"date":"2025-03-22T12:16:38","date_gmt":"2025-03-22T17:16:38","guid":{"rendered":"https:\/\/arbasicula.org\/?page_id=1169"},"modified":"2025-04-16T20:19:28","modified_gmt":"2025-04-17T01:19:28","slug":"ignazio-buttitta","status":"publish","type":"page","link":"https:\/\/arbasicula.org\/sc\/ignazio-buttitta\/","title":{"rendered":"Ignazio Buttitta"},"content":{"rendered":"\n<p>Di Bagheria, Ignazio Buttitta (1899-1997) fu unu d\u00ee pueti chi\u00f9 influenti d\u00fb seculu 20-esimu. Scriv\u00ecu puisii pi ricitazzioni, pi canzuni e pi appujari la classi di travagghiaturi. Nt\u00e2 s\u00f2 puisia &#8220;Lingua e Dialettu&#8221; (1970), Buttitta emisi na chiamata appassiunata pi prisirvari la lingua siciliana. Si p\u00f2 leggiri la s\u00f2 puisia in <a href=\"https:\/\/arbasicula.org\/sc\/books\/#!\/The-Poetry-of-Ignazio-Buttitta\/p\/742537694\"><em>The Poetry of Ignazio Buttitta<\/em><\/a> (2023) cu traduzzioni di G. Cipolla.<\/p>\n\n\n\n<figure class=\"wp-block-embed is-type-video is-provider-youtube wp-block-embed-youtube wp-embed-aspect-16-9 wp-has-aspect-ratio\"><div class=\"wp-block-embed__wrapper\">\n<iframe loading=\"lazy\" title=\"Lingua e Dialettu -- Ignazio Buttitta, translated and recited by Gaetano Cipolla\" width=\"640\" height=\"360\" src=\"https:\/\/www.youtube.com\/embed\/bbGumSHfSCY?feature=oembed\" frameborder=\"0\" allow=\"accelerometer; autoplay; clipboard-write; encrypted-media; gyroscope; picture-in-picture; web-share\" referrerpolicy=\"strict-origin-when-cross-origin\" allowfullscreen><\/iframe>\n<\/div><\/figure>\n\n\n\n<figure class=\"wp-block-embed is-type-video is-provider-youtube wp-block-embed-youtube wp-embed-aspect-16-9 wp-has-aspect-ratio\"><div class=\"wp-block-embed__wrapper\">\n<iframe loading=\"lazy\" title=\"&quot;Parru cu tia&quot; -- Ignazio Buttitta (trans. G. Cipolla)\" width=\"640\" height=\"360\" src=\"https:\/\/www.youtube.com\/embed\/e802c7axgIM?feature=oembed\" frameborder=\"0\" allow=\"accelerometer; autoplay; clipboard-write; encrypted-media; gyroscope; picture-in-picture; web-share\" referrerpolicy=\"strict-origin-when-cross-origin\" allowfullscreen><\/iframe>\n<\/div><\/figure>\n","protected":false},"excerpt":{"rendered":"<p>Di Bagheria, Ignazio Buttitta (1899-1997) fu unu d\u00ee pueti chi\u00f9 influenti d\u00fb seculu 20-esimu. Scriv\u00ecu puisii pi ricitazzioni, pi canzuni e pi appujari la classi<\/p>\n","protected":false},"author":2,"featured_media":0,"parent":0,"menu_order":0,"comment_status":"closed","ping_status":"closed","template":"","meta":{"footnotes":""},"class_list":["post-1169","page","type-page","status-publish","hentry"],"translation":{"provider":"WPGlobus","version":"2.10.9","language":"sc","enabled_languages":["en","sc"],"languages":{"en":{"title":true,"content":true,"excerpt":false},"sc":{"title":true,"content":true,"excerpt":false}}},"_links":{"self":[{"href":"https:\/\/arbasicula.org\/sc\/wp-json\/wp\/v2\/pages\/1169","targetHints":{"allow":["GET"]}}],"collection":[{"href":"https:\/\/arbasicula.org\/sc\/wp-json\/wp\/v2\/pages"}],"about":[{"href":"https:\/\/arbasicula.org\/sc\/wp-json\/wp\/v2\/types\/page"}],"author":[{"embeddable":true,"href":"https:\/\/arbasicula.org\/sc\/wp-json\/wp\/v2\/users\/2"}],"replies":[{"embeddable":true,"href":"https:\/\/arbasicula.org\/sc\/wp-json\/wp\/v2\/comments?post=1169"}],"version-history":[{"count":10,"href":"https:\/\/arbasicula.org\/sc\/wp-json\/wp\/v2\/pages\/1169\/revisions"}],"predecessor-version":[{"id":1385,"href":"https:\/\/arbasicula.org\/sc\/wp-json\/wp\/v2\/pages\/1169\/revisions\/1385"}],"wp:attachment":[{"href":"https:\/\/arbasicula.org\/sc\/wp-json\/wp\/v2\/media?parent=1169"}],"curies":[{"name":"wp","href":"https:\/\/api.w.org\/{rel}","templated":true}]}}