{"id":1139,"date":"2024-12-19T22:40:11","date_gmt":"2024-12-20T03:40:11","guid":{"rendered":"https:\/\/arbasicula.org\/?page_id=1139"},"modified":"2025-04-15T09:50:26","modified_gmt":"2025-04-15T14:50:26","slug":"vincenzo-ancona","status":"publish","type":"page","link":"https:\/\/arbasicula.org\/sc\/vincenzo-ancona\/","title":{"rendered":"Vincenzo Ancona"},"content":{"rendered":"\n<p>Di Casteddmmari d\u00fb Gulfu, Vincenzo Ancona (1915-2000) emigrau a Brooklyn, NY a l&#8217;et\u00e0 di 41 anni. La s\u00f2 puisia raccunta l&#8217;espirienza di l&#8217;immigrazioni, spissu in manera divertenti. Si p\u00f2 leggiri la s\u00f2 puisia in <a href=\"https:\/\/arbasicula.org\/books\/#!\/16-Malidittu-la-lingua-Damned-Language-by-Vincenzo-Ancona-Ed-by-A-Chairetakis-&amp;-J-Sciorra-Transl-by-G-Cipolla\/p\/82865006\"><em>Malidittu la lingua \/ Damned Language<\/em><\/a> (1990) cu traduzzioni di G. Cipolla.<\/p>\n\n\n\n<figure class=\"wp-block-embed is-type-video is-provider-youtube wp-block-embed-youtube wp-embed-aspect-4-3 wp-has-aspect-ratio\"><div class=\"wp-block-embed__wrapper\">\n<iframe loading=\"lazy\" title=\"&quot;Amerisicula&quot; -- Vincenzo Ancona (trans. G. Cipolla)\" width=\"640\" height=\"480\" src=\"https:\/\/www.youtube.com\/embed\/nFRne70hKUc?feature=oembed\" frameborder=\"0\" allow=\"accelerometer; autoplay; clipboard-write; encrypted-media; gyroscope; picture-in-picture; web-share\" referrerpolicy=\"strict-origin-when-cross-origin\" allowfullscreen><\/iframe>\n<\/div><\/figure>\n\n\n\n<figure class=\"wp-block-embed is-type-video is-provider-youtube wp-block-embed-youtube wp-embed-aspect-16-9 wp-has-aspect-ratio\"><div class=\"wp-block-embed__wrapper\">\n<iframe loading=\"lazy\" title=\"&quot;Bon Natali e Sugnu Sula&quot; -- Vincenzo Ancona (trans. G. Cipolla)\" width=\"640\" height=\"360\" src=\"https:\/\/www.youtube.com\/embed\/4lnce7x3vYs?feature=oembed\" frameborder=\"0\" allow=\"accelerometer; autoplay; clipboard-write; encrypted-media; gyroscope; picture-in-picture; web-share\" referrerpolicy=\"strict-origin-when-cross-origin\" allowfullscreen><\/iframe>\n<\/div><\/figure>\n","protected":false},"excerpt":{"rendered":"<p>Di Casteddmmari d\u00fb Gulfu, Vincenzo Ancona (1915-2000) emigrau a Brooklyn, NY a l&#8217;et\u00e0 di 41 anni. La s\u00f2 puisia raccunta l&#8217;espirienza di l&#8217;immigrazioni, spissu in<\/p>\n","protected":false},"author":2,"featured_media":0,"parent":0,"menu_order":0,"comment_status":"closed","ping_status":"closed","template":"","meta":{"footnotes":""},"class_list":["post-1139","page","type-page","status-publish","hentry"],"translation":{"provider":"WPGlobus","version":"2.10.9","language":"sc","enabled_languages":["en","sc"],"languages":{"en":{"title":true,"content":true,"excerpt":false},"sc":{"title":true,"content":true,"excerpt":false}}},"_links":{"self":[{"href":"https:\/\/arbasicula.org\/sc\/wp-json\/wp\/v2\/pages\/1139","targetHints":{"allow":["GET"]}}],"collection":[{"href":"https:\/\/arbasicula.org\/sc\/wp-json\/wp\/v2\/pages"}],"about":[{"href":"https:\/\/arbasicula.org\/sc\/wp-json\/wp\/v2\/types\/page"}],"author":[{"embeddable":true,"href":"https:\/\/arbasicula.org\/sc\/wp-json\/wp\/v2\/users\/2"}],"replies":[{"embeddable":true,"href":"https:\/\/arbasicula.org\/sc\/wp-json\/wp\/v2\/comments?post=1139"}],"version-history":[{"count":12,"href":"https:\/\/arbasicula.org\/sc\/wp-json\/wp\/v2\/pages\/1139\/revisions"}],"predecessor-version":[{"id":1378,"href":"https:\/\/arbasicula.org\/sc\/wp-json\/wp\/v2\/pages\/1139\/revisions\/1378"}],"wp:attachment":[{"href":"https:\/\/arbasicula.org\/sc\/wp-json\/wp\/v2\/media?parent=1139"}],"curies":[{"name":"wp","href":"https:\/\/api.w.org\/{rel}","templated":true}]}}